{"id":1472,"date":"2024-06-13T21:47:03","date_gmt":"2024-06-13T21:47:03","guid":{"rendered":"https:\/\/floridasistercities.org\/?page_id=1472"},"modified":"2024-06-20T23:09:32","modified_gmt":"2024-06-20T23:09:32","slug":"submit-project","status":"publish","type":"page","link":"https:\/\/floridasistercities.org\/es\/submit-project\/","title":{"rendered":"Submit Project"},"content":{"rendered":"<div data-elementor-type=\"wp-page\" data-elementor-id=\"1472\" class=\"elementor elementor-1472\">\n\t\t\t\t<div class=\"elementor-element elementor-element-194fc9e e-con-full e-flex e-con e-parent\" data-id=\"194fc9e\" data-element_type=\"container\" data-e-type=\"container\">\n\t\t<div class=\"elementor-element elementor-element-300d836 e-con-full e-flex e-con e-child\" data-id=\"300d836\" data-element_type=\"container\" data-e-type=\"container\">\n\t\t<div class=\"elementor-element elementor-element-f250bed e-con-full e-flex e-con e-child\" data-id=\"f250bed\" data-element_type=\"container\" data-e-type=\"container\">\n\t\t\t\t<div class=\"elementor-element elementor-element-61e6da3 elementor-widget elementor-widget-spacer\" data-id=\"61e6da3\" data-element_type=\"widget\" data-e-type=\"widget\" data-widget_type=\"spacer.default\">\n\t\t\t\t<div class=\"elementor-widget-container\">\n\t\t\t\t\t\t\t<div class=\"elementor-spacer\">\n\t\t\t<div class=\"elementor-spacer-inner\"><\/div>\n\t\t<\/div>\n\t\t\t\t\t\t<\/div>\n\t\t\t\t<\/div>\n\t\t\t\t<div class=\"elementor-element elementor-element-9af4a33 elementor-widget-divider--view-line elementor-widget elementor-widget-divider\" data-id=\"9af4a33\" data-element_type=\"widget\" data-e-type=\"widget\" data-widget_type=\"divider.default\">\n\t\t\t\t<div class=\"elementor-widget-container\">\n\t\t\t\t\t\t\t<div class=\"elementor-divider\">\n\t\t\t<span class=\"elementor-divider-separator\">\n\t\t\t\t\t\t<\/span>\n\t\t<\/div>\n\t\t\t\t\t\t<\/div>\n\t\t\t\t<\/div>\n\t\t\t\t<div class=\"elementor-element elementor-element-6e6188d elementor-widget elementor-widget-heading\" data-id=\"6e6188d\" data-element_type=\"widget\" data-e-type=\"widget\" data-widget_type=\"heading.default\">\n\t\t\t\t<div class=\"elementor-widget-container\">\n\t\t\t\t\t<h2 class=\"elementor-heading-title elementor-size-default\">Gu\u00eda para Presentaci\u00f3n de Proyectos Segmento: EMPRESAS<\/h2>\t\t\t\t<\/div>\n\t\t\t\t<\/div>\n\t\t\t\t<div class=\"elementor-element elementor-element-1476d27 elementor-widget-divider--view-line elementor-widget elementor-widget-divider\" data-id=\"1476d27\" data-element_type=\"widget\" data-e-type=\"widget\" data-widget_type=\"divider.default\">\n\t\t\t\t<div class=\"elementor-widget-container\">\n\t\t\t\t\t\t\t<div class=\"elementor-divider\">\n\t\t\t<span class=\"elementor-divider-separator\">\n\t\t\t\t\t\t<\/span>\n\t\t<\/div>\n\t\t\t\t\t\t<\/div>\n\t\t\t\t<\/div>\n\t\t\t\t<div class=\"elementor-element elementor-element-0d171fa elementor-widget__width-initial elementor-widget elementor-widget-image\" data-id=\"0d171fa\" data-element_type=\"widget\" data-e-type=\"widget\" data-widget_type=\"image.default\">\n\t\t\t\t<div class=\"elementor-widget-container\">\n\t\t\t\t\t\t\t\t\t\t\t\t\t\t\t<img loading=\"lazy\" decoding=\"async\" width=\"1700\" height=\"2200\" src=\"https:\/\/floridasistercities.org\/wp-content\/uploads\/2024\/06\/PRESENTACION-PROYECTOS-EMPRESA-1-1-1.jpg\" class=\"attachment-full size-full wp-image-1550\" alt=\"\" srcset=\"https:\/\/floridasistercities.org\/wp-content\/uploads\/2024\/06\/PRESENTACION-PROYECTOS-EMPRESA-1-1-1.jpg 1700w, https:\/\/floridasistercities.org\/wp-content\/uploads\/2024\/06\/PRESENTACION-PROYECTOS-EMPRESA-1-1-1-232x300.jpg 232w, https:\/\/floridasistercities.org\/wp-content\/uploads\/2024\/06\/PRESENTACION-PROYECTOS-EMPRESA-1-1-1-791x1024.jpg 791w, https:\/\/floridasistercities.org\/wp-content\/uploads\/2024\/06\/PRESENTACION-PROYECTOS-EMPRESA-1-1-1-768x994.jpg 768w, https:\/\/floridasistercities.org\/wp-content\/uploads\/2024\/06\/PRESENTACION-PROYECTOS-EMPRESA-1-1-1-1187x1536.jpg 1187w, https:\/\/floridasistercities.org\/wp-content\/uploads\/2024\/06\/PRESENTACION-PROYECTOS-EMPRESA-1-1-1-1583x2048.jpg 1583w, https:\/\/floridasistercities.org\/wp-content\/uploads\/2024\/06\/PRESENTACION-PROYECTOS-EMPRESA-1-1-1-9x12.jpg 9w\" sizes=\"(max-width: 1700px) 100vw, 1700px\" \/>\t\t\t\t\t\t\t\t\t\t\t\t\t\t\t<\/div>\n\t\t\t\t<\/div>\n\t\t\t\t<div class=\"elementor-element elementor-element-e7ee263 elementor-widget-divider--view-line elementor-widget elementor-widget-divider\" data-id=\"e7ee263\" data-element_type=\"widget\" data-e-type=\"widget\" data-widget_type=\"divider.default\">\n\t\t\t\t<div class=\"elementor-widget-container\">\n\t\t\t\t\t\t\t<div class=\"elementor-divider\">\n\t\t\t<span class=\"elementor-divider-separator\">\n\t\t\t\t\t\t<\/span>\n\t\t<\/div>\n\t\t\t\t\t\t<\/div>\n\t\t\t\t<\/div>\n\t\t\t\t<div class=\"elementor-element elementor-element-12779e1 elementor-widget elementor-widget-heading\" data-id=\"12779e1\" data-element_type=\"widget\" data-e-type=\"widget\" data-widget_type=\"heading.default\">\n\t\t\t\t<div class=\"elementor-widget-container\">\n\t\t\t\t\t<h2 class=\"elementor-heading-title elementor-size-default\">Gu\u00eda para Presentaci\u00f3n de Proyectos Segmento: EMPRENDEDORES<\/h2>\t\t\t\t<\/div>\n\t\t\t\t<\/div>\n\t\t\t\t<div class=\"elementor-element elementor-element-f27ff0c elementor-widget-divider--view-line elementor-widget elementor-widget-divider\" data-id=\"f27ff0c\" data-element_type=\"widget\" data-e-type=\"widget\" data-widget_type=\"divider.default\">\n\t\t\t\t<div class=\"elementor-widget-container\">\n\t\t\t\t\t\t\t<div class=\"elementor-divider\">\n\t\t\t<span class=\"elementor-divider-separator\">\n\t\t\t\t\t\t<\/span>\n\t\t<\/div>\n\t\t\t\t\t\t<\/div>\n\t\t\t\t<\/div>\n\t\t\t\t<div class=\"elementor-element elementor-element-8e68b12 elementor-widget__width-initial elementor-widget elementor-widget-image\" data-id=\"8e68b12\" data-element_type=\"widget\" data-e-type=\"widget\" data-widget_type=\"image.default\">\n\t\t\t\t<div class=\"elementor-widget-container\">\n\t\t\t\t\t\t\t\t\t\t\t\t\t\t\t<img loading=\"lazy\" decoding=\"async\" width=\"1275\" height=\"1650\" src=\"https:\/\/floridasistercities.org\/wp-content\/uploads\/2024\/06\/PRESENTACION-PROYECTOS-EMPRENDEDORES-1_page-0001.jpg\" class=\"attachment-full size-full wp-image-1546\" alt=\"\" srcset=\"https:\/\/floridasistercities.org\/wp-content\/uploads\/2024\/06\/PRESENTACION-PROYECTOS-EMPRENDEDORES-1_page-0001.jpg 1275w, https:\/\/floridasistercities.org\/wp-content\/uploads\/2024\/06\/PRESENTACION-PROYECTOS-EMPRENDEDORES-1_page-0001-232x300.jpg 232w, https:\/\/floridasistercities.org\/wp-content\/uploads\/2024\/06\/PRESENTACION-PROYECTOS-EMPRENDEDORES-1_page-0001-791x1024.jpg 791w, https:\/\/floridasistercities.org\/wp-content\/uploads\/2024\/06\/PRESENTACION-PROYECTOS-EMPRENDEDORES-1_page-0001-768x994.jpg 768w, https:\/\/floridasistercities.org\/wp-content\/uploads\/2024\/06\/PRESENTACION-PROYECTOS-EMPRENDEDORES-1_page-0001-1187x1536.jpg 1187w, https:\/\/floridasistercities.org\/wp-content\/uploads\/2024\/06\/PRESENTACION-PROYECTOS-EMPRENDEDORES-1_page-0001-9x12.jpg 9w\" sizes=\"(max-width: 1275px) 100vw, 1275px\" \/>\t\t\t\t\t\t\t\t\t\t\t\t\t\t\t<\/div>\n\t\t\t\t<\/div>\n\t\t\t\t<div class=\"elementor-element elementor-element-86a0d70 elementor-widget__width-initial elementor-widget elementor-widget-image\" data-id=\"86a0d70\" data-element_type=\"widget\" data-e-type=\"widget\" data-widget_type=\"image.default\">\n\t\t\t\t<div class=\"elementor-widget-container\">\n\t\t\t\t\t\t\t\t\t\t\t\t\t\t\t<img loading=\"lazy\" decoding=\"async\" width=\"791\" height=\"1024\" src=\"https:\/\/floridasistercities.org\/wp-content\/uploads\/2024\/06\/PRESENTACION-PROYECTOS-EMPRENDEDORES-1_page-0001-791x1024.jpg\" class=\"attachment-large size-large wp-image-1546\" alt=\"\" srcset=\"https:\/\/floridasistercities.org\/wp-content\/uploads\/2024\/06\/PRESENTACION-PROYECTOS-EMPRENDEDORES-1_page-0001-791x1024.jpg 791w, https:\/\/floridasistercities.org\/wp-content\/uploads\/2024\/06\/PRESENTACION-PROYECTOS-EMPRENDEDORES-1_page-0001-232x300.jpg 232w, https:\/\/floridasistercities.org\/wp-content\/uploads\/2024\/06\/PRESENTACION-PROYECTOS-EMPRENDEDORES-1_page-0001-768x994.jpg 768w, https:\/\/floridasistercities.org\/wp-content\/uploads\/2024\/06\/PRESENTACION-PROYECTOS-EMPRENDEDORES-1_page-0001-1187x1536.jpg 1187w, https:\/\/floridasistercities.org\/wp-content\/uploads\/2024\/06\/PRESENTACION-PROYECTOS-EMPRENDEDORES-1_page-0001-9x12.jpg 9w, https:\/\/floridasistercities.org\/wp-content\/uploads\/2024\/06\/PRESENTACION-PROYECTOS-EMPRENDEDORES-1_page-0001.jpg 1275w\" sizes=\"(max-width: 791px) 100vw, 791px\" \/>\t\t\t\t\t\t\t\t\t\t\t\t\t\t\t<\/div>\n\t\t\t\t<\/div>\n\t\t\t\t<\/div>\n\t\t<div class=\"elementor-element elementor-element-2270c3e e-flex e-con-boxed e-con e-child\" data-id=\"2270c3e\" data-element_type=\"container\" data-e-type=\"container\">\n\t\t\t\t\t<div class=\"e-con-inner\">\n\t\t\t\t<div class=\"elementor-element elementor-element-300802a elementor-widget elementor-widget-sidebar\" data-id=\"300802a\" data-element_type=\"widget\" data-e-type=\"widget\" data-widget_type=\"sidebar.default\">\n\t\t\t\t<div class=\"elementor-widget-container\">\n\t\t\t\t\t<aside id=\"block-7\" class=\"widget widget_block\">\n<div style=\"height:63px\" aria-hidden=\"true\" class=\"wp-block-spacer\"><\/div>\n<\/aside><aside id=\"block-19\" class=\"widget widget_block\">\n<div class=\"wp-block-buttons alignwide is-content-justification-center is-layout-flex wp-container-core-buttons-is-layout-a89b3969 wp-block-buttons-is-layout-flex\">\n<div class=\"wp-block-button\"><a class=\"wp-block-button__link has-text-align-center wp-element-button\" href=\"https:\/\/floridasistercities.org\/es\/registration\/\">Registrese..Ahora<\/a><\/div>\n<\/div>\n<\/aside><aside id=\"block-20\" class=\"widget widget_block\">\n<div style=\"height:63px\" aria-hidden=\"true\" class=\"wp-block-spacer\"><\/div>\n<\/aside><aside id=\"block-2\" class=\"widget widget_block widget_media_image\">\n<figure class=\"wp-block-image size-medium is-resized\"><img fetchpriority=\"high\" decoding=\"async\" width=\"287\" height=\"300\" src=\"https:\/\/floridasistercities.org\/wp-content\/uploads\/2024\/04\/LOGOFLORIDA-287x300.png\" alt=\"\" class=\"wp-image-25\" style=\"object-fit:cover;width:357px;height:auto\" srcset=\"https:\/\/floridasistercities.org\/wp-content\/uploads\/2024\/04\/LOGOFLORIDA-287x300.png 287w, https:\/\/floridasistercities.org\/wp-content\/uploads\/2024\/04\/LOGOFLORIDA.png 433w\" sizes=\"(max-width: 287px) 100vw, 287px\" \/><\/figure>\n<\/aside><aside id=\"block-8\" class=\"widget widget_block\">\n<div style=\"height:63px\" aria-hidden=\"true\" class=\"wp-block-spacer\"><\/div>\n<\/aside><aside id=\"block-3\" class=\"widget widget_block widget_media_image\">\n<figure class=\"wp-block-image aligncenter size-full is-resized\"><img loading=\"lazy\" decoding=\"async\" width=\"525\" height=\"456\" src=\"https:\/\/floridasistercities.org\/wp-content\/uploads\/2024\/04\/logo3-1.png\" alt=\"\" class=\"wp-image-51\" style=\"object-fit:cover;width:663px;height:auto\" srcset=\"https:\/\/floridasistercities.org\/wp-content\/uploads\/2024\/04\/logo3-1.png 525w, https:\/\/floridasistercities.org\/wp-content\/uploads\/2024\/04\/logo3-1-300x261.png 300w\" sizes=\"(max-width: 525px) 100vw, 525px\" \/><\/figure>\n<\/aside><aside id=\"block-9\" class=\"widget widget_block\">\n<div style=\"height:63px\" aria-hidden=\"true\" class=\"wp-block-spacer\"><\/div>\n<\/aside><aside id=\"block-6\" class=\"widget widget_block widget_media_image\">\n<figure class=\"wp-block-image aligncenter size-full\"><img loading=\"lazy\" decoding=\"async\" width=\"547\" height=\"92\" src=\"https:\/\/floridasistercities.org\/wp-content\/uploads\/2024\/05\/ministerio-1.jpeg\" alt=\"\" class=\"wp-image-1143\" srcset=\"https:\/\/floridasistercities.org\/wp-content\/uploads\/2024\/05\/ministerio-1.jpeg 547w, https:\/\/floridasistercities.org\/wp-content\/uploads\/2024\/05\/ministerio-1-300x50.jpeg 300w, https:\/\/floridasistercities.org\/wp-content\/uploads\/2024\/05\/ministerio-1-18x3.jpeg 18w\" sizes=\"(max-width: 547px) 100vw, 547px\" \/><\/figure>\n<\/aside><aside id=\"block-10\" class=\"widget widget_block\">\n<div style=\"height:63px\" aria-hidden=\"true\" class=\"wp-block-spacer\"><\/div>\n<\/aside><aside id=\"block-21\" class=\"widget widget_block widget_media_image\">\n<figure class=\"wp-block-image size-full\"><img loading=\"lazy\" decoding=\"async\" width=\"1500\" height=\"474\" src=\"https:\/\/floridasistercities.org\/wp-content\/uploads\/2024\/05\/logo-version-color-1-1.png\" alt=\"\" class=\"wp-image-1144\" srcset=\"https:\/\/floridasistercities.org\/wp-content\/uploads\/2024\/05\/logo-version-color-1-1.png 1500w, https:\/\/floridasistercities.org\/wp-content\/uploads\/2024\/05\/logo-version-color-1-1-300x95.png 300w, https:\/\/floridasistercities.org\/wp-content\/uploads\/2024\/05\/logo-version-color-1-1-1024x324.png 1024w, https:\/\/floridasistercities.org\/wp-content\/uploads\/2024\/05\/logo-version-color-1-1-768x243.png 768w, https:\/\/floridasistercities.org\/wp-content\/uploads\/2024\/05\/logo-version-color-1-1-18x6.png 18w, https:\/\/floridasistercities.org\/wp-content\/uploads\/2024\/05\/logo-version-color-1-1-600x190.png 600w\" sizes=\"auto, (max-width: 1500px) 100vw, 1500px\" \/><\/figure>\n<\/aside><aside id=\"block-24\" class=\"widget widget_block\">\n<div style=\"height:63px\" aria-hidden=\"true\" class=\"wp-block-spacer\"><\/div>\n<\/aside><aside id=\"block-22\" class=\"widget widget_block widget_media_image\">\n<figure class=\"wp-block-image size-full\"><img loading=\"lazy\" decoding=\"async\" width=\"229\" height=\"78\" src=\"https:\/\/floridasistercities.org\/wp-content\/uploads\/2024\/05\/Logo_de_iNNpulsa_entidad_adscrita_al_Ministerio_CIT-1.png\" alt=\"\" class=\"wp-image-1145\" srcset=\"https:\/\/floridasistercities.org\/wp-content\/uploads\/2024\/05\/Logo_de_iNNpulsa_entidad_adscrita_al_Ministerio_CIT-1.png 229w, https:\/\/floridasistercities.org\/wp-content\/uploads\/2024\/05\/Logo_de_iNNpulsa_entidad_adscrita_al_Ministerio_CIT-1-18x6.png 18w\" sizes=\"auto, (max-width: 229px) 100vw, 229px\" \/><\/figure>\n<\/aside><aside id=\"block-25\" class=\"widget widget_block\">\n<div style=\"height:63px\" aria-hidden=\"true\" class=\"wp-block-spacer\"><\/div>\n<\/aside><aside id=\"block-4\" class=\"widget widget_block widget_media_image\">\n<figure class=\"wp-block-image size-full is-resized\"><img loading=\"lazy\" decoding=\"async\" width=\"600\" height=\"196\" src=\"https:\/\/floridasistercities.org\/wp-content\/uploads\/2024\/05\/Imagen-de-WhatsApp-2024-04-28-a-las-10.58.35_beadf738.jpg\" alt=\"\" class=\"wp-image-81\" style=\"object-fit:cover;width:663px;height:auto\" srcset=\"https:\/\/floridasistercities.org\/wp-content\/uploads\/2024\/05\/Imagen-de-WhatsApp-2024-04-28-a-las-10.58.35_beadf738.jpg 600w, https:\/\/floridasistercities.org\/wp-content\/uploads\/2024\/05\/Imagen-de-WhatsApp-2024-04-28-a-las-10.58.35_beadf738-300x98.jpg 300w\" sizes=\"auto, (max-width: 600px) 100vw, 600px\" \/><\/figure>\n<\/aside><aside id=\"block-11\" class=\"widget widget_block\">\n<div style=\"height:63px\" aria-hidden=\"true\" class=\"wp-block-spacer\"><\/div>\n<\/aside><aside id=\"block-5\" class=\"widget widget_block widget_media_image\">\n<figure class=\"wp-block-image size-full is-resized\"><img loading=\"lazy\" decoding=\"async\" width=\"193\" height=\"100\" src=\"https:\/\/floridasistercities.org\/wp-content\/uploads\/2024\/05\/crw_193h_100-1.webp\" alt=\"\" class=\"wp-image-89\" style=\"aspect-ratio:2.75;object-fit:cover;width:667px;height:auto\"\/><\/figure>\n<\/aside><aside id=\"block-26\" class=\"widget widget_block\">\n<div style=\"height:63px\" aria-hidden=\"true\" class=\"wp-block-spacer\"><\/div>\n<\/aside><aside id=\"block-23\" class=\"widget widget_block widget_media_image\">\n<figure class=\"wp-block-image size-full\"><img loading=\"lazy\" decoding=\"async\" width=\"1024\" height=\"442\" src=\"https:\/\/floridasistercities.org\/wp-content\/uploads\/2024\/05\/Imagen-de-WhatsApp-2024-04-28-a-las-10.58.35_8fdef218.jpg\" alt=\"\" class=\"wp-image-80\" srcset=\"https:\/\/floridasistercities.org\/wp-content\/uploads\/2024\/05\/Imagen-de-WhatsApp-2024-04-28-a-las-10.58.35_8fdef218.jpg 1024w, https:\/\/floridasistercities.org\/wp-content\/uploads\/2024\/05\/Imagen-de-WhatsApp-2024-04-28-a-las-10.58.35_8fdef218-300x129.jpg 300w, https:\/\/floridasistercities.org\/wp-content\/uploads\/2024\/05\/Imagen-de-WhatsApp-2024-04-28-a-las-10.58.35_8fdef218-768x332.jpg 768w, https:\/\/floridasistercities.org\/wp-content\/uploads\/2024\/05\/Imagen-de-WhatsApp-2024-04-28-a-las-10.58.35_8fdef218-600x259.jpg 600w\" sizes=\"auto, (max-width: 1024px) 100vw, 1024px\" \/><\/figure>\n<\/aside><aside id=\"block-12\" class=\"widget widget_block\">\n<div style=\"height:63px\" aria-hidden=\"true\" class=\"wp-block-spacer\"><\/div>\n<\/aside><aside id=\"block-27\" class=\"widget widget_block widget_media_image\">\n<figure class=\"wp-block-image size-full\"><img loading=\"lazy\" decoding=\"async\" width=\"2250\" height=\"2250\" src=\"https:\/\/floridasistercities.org\/wp-content\/uploads\/2024\/06\/GML-LOGO-1.ai_page-0001-1.jpg\" alt=\"\" class=\"wp-image-1538\" srcset=\"https:\/\/floridasistercities.org\/wp-content\/uploads\/2024\/06\/GML-LOGO-1.ai_page-0001-1.jpg 2250w, https:\/\/floridasistercities.org\/wp-content\/uploads\/2024\/06\/GML-LOGO-1.ai_page-0001-1-300x300.jpg 300w, https:\/\/floridasistercities.org\/wp-content\/uploads\/2024\/06\/GML-LOGO-1.ai_page-0001-1-1024x1024.jpg 1024w, https:\/\/floridasistercities.org\/wp-content\/uploads\/2024\/06\/GML-LOGO-1.ai_page-0001-1-150x150.jpg 150w, https:\/\/floridasistercities.org\/wp-content\/uploads\/2024\/06\/GML-LOGO-1.ai_page-0001-1-768x768.jpg 768w, https:\/\/floridasistercities.org\/wp-content\/uploads\/2024\/06\/GML-LOGO-1.ai_page-0001-1-1536x1536.jpg 1536w, https:\/\/floridasistercities.org\/wp-content\/uploads\/2024\/06\/GML-LOGO-1.ai_page-0001-1-2048x2048.jpg 2048w, https:\/\/floridasistercities.org\/wp-content\/uploads\/2024\/06\/GML-LOGO-1.ai_page-0001-1-12x12.jpg 12w\" sizes=\"auto, (max-width: 2250px) 100vw, 2250px\" \/><\/figure>\n<\/aside><aside id=\"block-29\" class=\"widget widget_block\">\n<div style=\"height:63px\" aria-hidden=\"true\" class=\"wp-block-spacer\"><\/div>\n<\/aside><aside id=\"block-30\" class=\"widget widget_block widget_media_image\">\n<figure class=\"wp-block-image size-full\"><img loading=\"lazy\" decoding=\"async\" width=\"500\" height=\"500\" src=\"https:\/\/floridasistercities.org\/wp-content\/uploads\/2024\/06\/Imagen-de-WhatsApp-2024-06-28-a-las-16.59.04_2df43fae-1.jpg\" alt=\"\" class=\"wp-image-1592\" srcset=\"https:\/\/floridasistercities.org\/wp-content\/uploads\/2024\/06\/Imagen-de-WhatsApp-2024-06-28-a-las-16.59.04_2df43fae-1.jpg 500w, https:\/\/floridasistercities.org\/wp-content\/uploads\/2024\/06\/Imagen-de-WhatsApp-2024-06-28-a-las-16.59.04_2df43fae-1-300x300.jpg 300w, https:\/\/floridasistercities.org\/wp-content\/uploads\/2024\/06\/Imagen-de-WhatsApp-2024-06-28-a-las-16.59.04_2df43fae-1-150x150.jpg 150w, https:\/\/floridasistercities.org\/wp-content\/uploads\/2024\/06\/Imagen-de-WhatsApp-2024-06-28-a-las-16.59.04_2df43fae-1-12x12.jpg 12w\" sizes=\"auto, (max-width: 500px) 100vw, 500px\" \/><\/figure>\n<\/aside><aside id=\"block-28\" class=\"widget widget_block\">\n<div style=\"height:63px\" aria-hidden=\"true\" class=\"wp-block-spacer\"><\/div>\n<\/aside>\t\t\t\t<\/div>\n\t\t\t\t<\/div>\n\t\t\t\t\t<\/div>\n\t\t\t\t<\/div>\n\t\t\t\t<\/div>\n\t\t\t\t<\/div>\n\t\t\t\t<\/div>","protected":false},"excerpt":{"rendered":"<p>Gu\u00eda para Presentaci\u00f3n de Proyectos Segmento: EMPRESAS Gu\u00eda para Presentaci\u00f3n de Proyectos Segmento: EMPRENDEDORES<\/p>","protected":false},"author":1,"featured_media":0,"parent":0,"menu_order":0,"comment_status":"closed","ping_status":"closed","template":"","meta":{"site-sidebar-layout":"no-sidebar","site-content-layout":"","ast-site-content-layout":"full-width-container","site-content-style":"default","site-sidebar-style":"default","ast-global-header-display":"","ast-banner-title-visibility":"","ast-main-header-display":"","ast-hfb-above-header-display":"","ast-hfb-below-header-display":"","ast-hfb-mobile-header-display":"","site-post-title":"disabled","ast-breadcrumbs-content":"","ast-featured-img":"disabled","footer-sml-layout":"","ast-disable-related-posts":"","theme-transparent-header-meta":"","adv-header-id-meta":"","stick-header-meta":"","header-above-stick-meta":"","header-main-stick-meta":"","header-below-stick-meta":"","astra-migrate-meta-layouts":"default","ast-page-background-enabled":"default","ast-page-background-meta":{"desktop":{"background-color":"var(--ast-global-color-4)","background-image":"","background-repeat":"repeat","background-position":"center center","background-size":"auto","background-attachment":"scroll","background-type":"","background-media":"","overlay-type":"","overlay-color":"","overlay-opacity":"","overlay-gradient":""},"tablet":{"background-color":"","background-image":"","background-repeat":"repeat","background-position":"center center","background-size":"auto","background-attachment":"scroll","background-type":"","background-media":"","overlay-type":"","overlay-color":"","overlay-opacity":"","overlay-gradient":""},"mobile":{"background-color":"","background-image":"","background-repeat":"repeat","background-position":"center center","background-size":"auto","background-attachment":"scroll","background-type":"","background-media":"","overlay-type":"","overlay-color":"","overlay-opacity":"","overlay-gradient":""}},"ast-content-background-meta":{"desktop":{"background-color":"var(--ast-global-color-5)","background-image":"","background-repeat":"repeat","background-position":"center center","background-size":"auto","background-attachment":"scroll","background-type":"","background-media":"","overlay-type":"","overlay-color":"","overlay-opacity":"","overlay-gradient":""},"tablet":{"background-color":"var(--ast-global-color-5)","background-image":"","background-repeat":"repeat","background-position":"center center","background-size":"auto","background-attachment":"scroll","background-type":"","background-media":"","overlay-type":"","overlay-color":"","overlay-opacity":"","overlay-gradient":""},"mobile":{"background-color":"var(--ast-global-color-5)","background-image":"","background-repeat":"repeat","background-position":"center center","background-size":"auto","background-attachment":"scroll","background-type":"","background-media":"","overlay-type":"","overlay-color":"","overlay-opacity":"","overlay-gradient":""}},"footnotes":""},"class_list":["post-1472","page","type-page","status-publish","hentry"],"_links":{"self":[{"href":"https:\/\/floridasistercities.org\/es\/wp-json\/wp\/v2\/pages\/1472","targetHints":{"allow":["GET"]}}],"collection":[{"href":"https:\/\/floridasistercities.org\/es\/wp-json\/wp\/v2\/pages"}],"about":[{"href":"https:\/\/floridasistercities.org\/es\/wp-json\/wp\/v2\/types\/page"}],"author":[{"embeddable":true,"href":"https:\/\/floridasistercities.org\/es\/wp-json\/wp\/v2\/users\/1"}],"replies":[{"embeddable":true,"href":"https:\/\/floridasistercities.org\/es\/wp-json\/wp\/v2\/comments?post=1472"}],"version-history":[{"count":52,"href":"https:\/\/floridasistercities.org\/es\/wp-json\/wp\/v2\/pages\/1472\/revisions"}],"predecessor-version":[{"id":1576,"href":"https:\/\/floridasistercities.org\/es\/wp-json\/wp\/v2\/pages\/1472\/revisions\/1576"}],"wp:attachment":[{"href":"https:\/\/floridasistercities.org\/es\/wp-json\/wp\/v2\/media?parent=1472"}],"curies":[{"name":"wp","href":"https:\/\/api.w.org\/{rel}","templated":true}]}}